{"id":2724,"date":"2024-01-29T01:56:07","date_gmt":"2024-01-28T16:56:07","guid":{"rendered":"http:\/\/doc.duallmaster.com\/?page_id=2724"},"modified":"2024-05-09T11:37:09","modified_gmt":"2024-05-09T02:37:09","slug":"giam-sat-va-bao-cao","status":"publish","type":"page","link":"http:\/\/doc.duallmaster.com\/?page_id=2724&lang=vi","title":{"rendered":"B\u00e1o c\u00e1o kh\u00e1ch m\u1eddi"},"content":{"rendered":"\n<p>\u0110\u1ec3 gi\u00e1m s\u00e1t c\u00e1c s\u1ef1 ki\u1ec7n kh\u00e1ch m\u1eddi v\u00e0 t\u1ea3i b\u00e1o c\u00e1o, di chuy\u1ec3n \u0111\u1ebfn m\u1ee5c Qu\u1ea3n tr\u1ecb h\u1ed3 s\u01a1 kh\u00e1ch m\u1eddi > B\u00e1o c\u00e1o kh\u00e1ch m\u1eddi.<\/p>\n\n\n<div class=\"wp-block-image\">\n<figure class=\"aligncenter size-full\"><img loading=\"lazy\" decoding=\"async\" width=\"284\" height=\"192\" src=\"http:\/\/doc.duallmaster.com\/wp-content\/uploads\/2024\/05\/image-257.png\" alt=\"\" class=\"wp-image-3186\"\/><\/figure>\n<\/div>\n\n\n<p>Ki\u1ec3m tra c\u00e1c \u0111i\u1ec1u ki\u1ec7n l\u1ecdc sau \u0111\u00f3 nh\u1ea5p v\u00e0o t\u00ecm ki\u1ebfm ho\u1eb7c t\u1ea3i xu\u1ed1ng.<\/p>\n\n\n\n<figure class=\"wp-block-image size-large\"><img loading=\"lazy\" decoding=\"async\" width=\"1024\" height=\"188\" src=\"http:\/\/doc.duallmaster.com\/wp-content\/uploads\/2024\/05\/image-258-1024x188.png\" alt=\"\" class=\"wp-image-3187\" srcset=\"http:\/\/doc.duallmaster.com\/wp-content\/uploads\/2024\/05\/image-258-1024x188.png 1024w, http:\/\/doc.duallmaster.com\/wp-content\/uploads\/2024\/05\/image-258-300x55.png 300w, http:\/\/doc.duallmaster.com\/wp-content\/uploads\/2024\/05\/image-258-768x141.png 768w, http:\/\/doc.duallmaster.com\/wp-content\/uploads\/2024\/05\/image-258-1536x281.png 1536w, http:\/\/doc.duallmaster.com\/wp-content\/uploads\/2024\/05\/image-258.png 1605w\" sizes=\"auto, (max-width: 1024px) 100vw, 1024px\" \/><\/figure>\n","protected":false},"excerpt":{"rendered":"<p>\u0110\u1ec3 gi\u00e1m s\u00e1t c\u00e1c s\u1ef1 ki\u1ec7n kh\u00e1ch m\u1eddi v\u00e0 t\u1ea3i b\u00e1o c\u00e1o, di chuy\u1ec3n \u0111\u1ebfn m\u1ee5c Qu\u1ea3n tr\u1ecb h\u1ed3 s\u01a1 kh\u00e1ch m\u1eddi > B\u00e1o c\u00e1o kh\u00e1ch m\u1eddi. Ki\u1ec3m tra c\u00e1c \u0111i\u1ec1u ki\u1ec7n l\u1ecdc sau \u0111\u00f3 nh\u1ea5p v\u00e0o t\u00ecm ki\u1ebfm ho\u1eb7c t\u1ea3i xu\u1ed1ng.<\/p>\n","protected":false},"author":5,"featured_media":0,"parent":0,"menu_order":0,"comment_status":"closed","ping_status":"closed","template":"","meta":{"footnotes":""},"class_list":["post-2724","page","type-page","status-publish","hentry"],"_links":{"self":[{"href":"http:\/\/doc.duallmaster.com\/index.php?rest_route=\/wp\/v2\/pages\/2724","targetHints":{"allow":["GET"]}}],"collection":[{"href":"http:\/\/doc.duallmaster.com\/index.php?rest_route=\/wp\/v2\/pages"}],"about":[{"href":"http:\/\/doc.duallmaster.com\/index.php?rest_route=\/wp\/v2\/types\/page"}],"author":[{"embeddable":true,"href":"http:\/\/doc.duallmaster.com\/index.php?rest_route=\/wp\/v2\/users\/5"}],"replies":[{"embeddable":true,"href":"http:\/\/doc.duallmaster.com\/index.php?rest_route=%2Fwp%2Fv2%2Fcomments&post=2724"}],"version-history":[{"count":4,"href":"http:\/\/doc.duallmaster.com\/index.php?rest_route=\/wp\/v2\/pages\/2724\/revisions"}],"predecessor-version":[{"id":3373,"href":"http:\/\/doc.duallmaster.com\/index.php?rest_route=\/wp\/v2\/pages\/2724\/revisions\/3373"}],"wp:attachment":[{"href":"http:\/\/doc.duallmaster.com\/index.php?rest_route=%2Fwp%2Fv2%2Fmedia&parent=2724"}],"curies":[{"name":"wp","href":"https:\/\/api.w.org\/{rel}","templated":true}]}}