{"id":2645,"date":"2024-01-25T15:55:21","date_gmt":"2024-01-25T06:55:21","guid":{"rendered":"http:\/\/doc.duallmaster.com\/?page_id=2645"},"modified":"2024-05-08T15:49:21","modified_gmt":"2024-05-08T06:49:21","slug":"them-phuong-thuc-xac-thuc-2","status":"publish","type":"page","link":"http:\/\/doc.duallmaster.com\/?page_id=2645&lang=vi","title":{"rendered":"Th\u00eam ph\u01b0\u01a1ng th\u1ee9c x\u00e1c th\u1ef1c"},"content":{"rendered":"\n<p>V\u00e0o m\u1ee5c Th\u00e0nh Vi\u00ean &gt; Menu th\u00e0nh vi\u00ean<\/p>\n\n\n\n<p>Nh\u1ea5p \u0111\u00fap v\u00e0o Ng\u01b0\u1eddi d\u00f9ng ho\u1eb7c nh\u1ea5p v\u00e0o bi\u1ec3u t\u01b0\u1ee3ng Ch\u1ec9nh s\u1eeda c\u1ee7a Ng\u01b0\u1eddi d\u00f9ng t\u1eeb danh s\u00e1ch Ng\u01b0\u1eddi d\u00f9ng<\/p>\n\n\n\n<figure class=\"wp-block-image size-large\"><img loading=\"lazy\" decoding=\"async\" width=\"1024\" height=\"410\" src=\"http:\/\/doc.duallmaster.com\/wp-content\/uploads\/2024\/05\/image-306-1024x410.png\" alt=\"\" class=\"wp-image-3258\" srcset=\"http:\/\/doc.duallmaster.com\/wp-content\/uploads\/2024\/05\/image-306-1024x410.png 1024w, http:\/\/doc.duallmaster.com\/wp-content\/uploads\/2024\/05\/image-306-300x120.png 300w, http:\/\/doc.duallmaster.com\/wp-content\/uploads\/2024\/05\/image-306-768x308.png 768w, http:\/\/doc.duallmaster.com\/wp-content\/uploads\/2024\/05\/image-306-1536x616.png 1536w, http:\/\/doc.duallmaster.com\/wp-content\/uploads\/2024\/05\/image-306.png 1602w\" sizes=\"auto, (max-width: 1024px) 100vw, 1024px\" \/><\/figure>\n\n\n\n<p>T\u1eeb tab Danh s\u00e1ch th\u1ebb th\u00e0nh vi\u00ean, nh\u1ea5p v\u00e0o n\u00fat +<\/p>\n\n\n\n<figure class=\"wp-block-image size-large\"><img loading=\"lazy\" decoding=\"async\" width=\"1024\" height=\"507\" src=\"http:\/\/doc.duallmaster.com\/wp-content\/uploads\/2024\/05\/image-307-1024x507.png\" alt=\"\" class=\"wp-image-3259\" srcset=\"http:\/\/doc.duallmaster.com\/wp-content\/uploads\/2024\/05\/image-307-1024x507.png 1024w, http:\/\/doc.duallmaster.com\/wp-content\/uploads\/2024\/05\/image-307-300x148.png 300w, http:\/\/doc.duallmaster.com\/wp-content\/uploads\/2024\/05\/image-307-768x380.png 768w, http:\/\/doc.duallmaster.com\/wp-content\/uploads\/2024\/05\/image-307-1536x760.png 1536w, http:\/\/doc.duallmaster.com\/wp-content\/uploads\/2024\/05\/image-307.png 1605w\" sizes=\"auto, (max-width: 1024px) 100vw, 1024px\" \/><\/figure>\n\n\n\n<p>Ch\u1ecdn lo\u1ea1i ph\u01b0\u01a1ng th\u1ee9c x\u00e1c th\u1ef1c \u0111\u1ec3 th\u00eam<\/p>\n\n\n\n<ul class=\"wp-block-list\">\n<li><strong>Th\u00eam th\u1ebb NFC<\/strong><\/li>\n<\/ul>\n\n\n\n<figure class=\"wp-block-image size-full\"><img loading=\"lazy\" decoding=\"async\" width=\"971\" height=\"556\" src=\"http:\/\/doc.duallmaster.com\/wp-content\/uploads\/2024\/05\/image-308.png\" alt=\"\" class=\"wp-image-3260\" srcset=\"http:\/\/doc.duallmaster.com\/wp-content\/uploads\/2024\/05\/image-308.png 971w, http:\/\/doc.duallmaster.com\/wp-content\/uploads\/2024\/05\/image-308-300x172.png 300w, http:\/\/doc.duallmaster.com\/wp-content\/uploads\/2024\/05\/image-308-768x440.png 768w, http:\/\/doc.duallmaster.com\/wp-content\/uploads\/2024\/05\/image-308-350x200.png 350w\" sizes=\"auto, (max-width: 971px) 100vw, 971px\" \/><\/figure>\n\n\n\n<p>Sau \u0111\u00f3 nh\u1eadp UID c\u1ee7a th\u1ebb, ho\u1eb7c k\u1ebft n\u1ed1i Dragon(DE-620) sau \u0111\u00f3 \u0111\u1eb7t th\u1ebb ID \u0111\u1ec3 l\u1ea5y UID. Click v\u00e0o [TH\u00caM]<\/p>\n\n\n\n<p>S\u1eed d\u1ee5ng ch\u1ebf \u0111\u1ed9 HID \u0111\u1ec3 l\u1ea5y UID khi s\u1eed d\u1ee5ng Dragon\/DE-620<\/p>\n\n\n\n<figure class=\"wp-block-image size-full\"><img loading=\"lazy\" decoding=\"async\" width=\"971\" height=\"552\" src=\"http:\/\/doc.duallmaster.com\/wp-content\/uploads\/2024\/05\/image-309.png\" alt=\"\" class=\"wp-image-3261\" srcset=\"http:\/\/doc.duallmaster.com\/wp-content\/uploads\/2024\/05\/image-309.png 971w, http:\/\/doc.duallmaster.com\/wp-content\/uploads\/2024\/05\/image-309-300x171.png 300w, http:\/\/doc.duallmaster.com\/wp-content\/uploads\/2024\/05\/image-309-768x437.png 768w, http:\/\/doc.duallmaster.com\/wp-content\/uploads\/2024\/05\/image-309-350x200.png 350w\" sizes=\"auto, (max-width: 971px) 100vw, 971px\" \/><\/figure>\n\n\n\n<p>Ki\u1ec3m tra ID th\u1ebb \u0111\u01b0\u1ee3c th\u00eam v\u00e0o danh s\u00e1ch, sau \u0111\u00f3 ch\u1ecdn [L\u01afU]<\/p>\n\n\n\n<ul class=\"wp-block-list\">\n<li><strong>\u0110\u1ec3 th\u00eam QR\/ M\u1eadt m\u00e3\/ NFC Phone\/ H Face ID\/ <\/strong><\/li>\n<\/ul>\n\n\n\n<p>Ch\u1ecdn lo\u1ea1i th\u1ebb mu\u1ed1n th\u00eam sau \u0111\u00f3 \u1ea5n TH\u00caM<\/p>\n\n\n\n<ul class=\"wp-block-list\">\n<li><strong>\u0110\u1ec3 th\u00eam v\u00e2n tay c\u1ee7a thi\u1ebft b\u1ecb Aratek <\/strong><\/li>\n<\/ul>\n\n\n\n<p>Ch\u1ecdn lo\u1ea1i th\u1ebb sau \u0111\u00f3 ch\u1ecdn thi\u1ebft b\u1ecb \u0111\u1ec3 scan v\u00e2n tay <\/p>\n\n\n\n<p>Scan v\u00e2n tay tr\u00ean thi\u1ebft b\u1ecb \u0111\u1ebfn khi c\u00f3 th\u00f4ng b\u00e1o th\u00e0nh c\u00f4ng th\u00ec \u1ea5n TH\u00caM \u0111\u1ec3 l\u01b0u<\/p>\n\n\n\n<p>Ki\u1ec3m tra l\u1ea1i danh s\u00e1ch th\u1ebb sau \u0111\u00f3 \u1ea5n L\u01afU \u0111\u1ec3 ho\u00e0n th\u00e0nh<\/p>\n","protected":false},"excerpt":{"rendered":"<p>V\u00e0o m\u1ee5c Th\u00e0nh Vi\u00ean &gt; Menu th\u00e0nh vi\u00ean Nh\u1ea5p \u0111\u00fap v\u00e0o Ng\u01b0\u1eddi d\u00f9ng ho\u1eb7c nh\u1ea5p v\u00e0o bi\u1ec3u t\u01b0\u1ee3ng Ch\u1ec9nh s\u1eeda c\u1ee7a Ng\u01b0\u1eddi d\u00f9ng t\u1eeb danh s\u00e1ch Ng\u01b0\u1eddi d\u00f9ng T\u1eeb tab Danh s\u00e1ch th\u1ebb th\u00e0nh vi\u00ean, nh\u1ea5p v\u00e0o n\u00fat + Ch\u1ecdn lo\u1ea1i ph\u01b0\u01a1ng th\u1ee9c x\u00e1c th\u1ef1c \u0111\u1ec3 th\u00eam Sau \u0111\u00f3 nh\u1eadp&#8230;<\/p>\n","protected":false},"author":5,"featured_media":0,"parent":0,"menu_order":0,"comment_status":"closed","ping_status":"closed","template":"","meta":{"footnotes":""},"class_list":["post-2645","page","type-page","status-publish","hentry"],"_links":{"self":[{"href":"http:\/\/doc.duallmaster.com\/index.php?rest_route=\/wp\/v2\/pages\/2645","targetHints":{"allow":["GET"]}}],"collection":[{"href":"http:\/\/doc.duallmaster.com\/index.php?rest_route=\/wp\/v2\/pages"}],"about":[{"href":"http:\/\/doc.duallmaster.com\/index.php?rest_route=\/wp\/v2\/types\/page"}],"author":[{"embeddable":true,"href":"http:\/\/doc.duallmaster.com\/index.php?rest_route=\/wp\/v2\/users\/5"}],"replies":[{"embeddable":true,"href":"http:\/\/doc.duallmaster.com\/index.php?rest_route=%2Fwp%2Fv2%2Fcomments&post=2645"}],"version-history":[{"count":3,"href":"http:\/\/doc.duallmaster.com\/index.php?rest_route=\/wp\/v2\/pages\/2645\/revisions"}],"predecessor-version":[{"id":3262,"href":"http:\/\/doc.duallmaster.com\/index.php?rest_route=\/wp\/v2\/pages\/2645\/revisions\/3262"}],"wp:attachment":[{"href":"http:\/\/doc.duallmaster.com\/index.php?rest_route=%2Fwp%2Fv2%2Fmedia&parent=2645"}],"curies":[{"name":"wp","href":"https:\/\/api.w.org\/{rel}","templated":true}]}}